{"id":90,"date":"2021-03-07T11:52:58","date_gmt":"2021-03-07T11:52:58","guid":{"rendered":"https:\/\/wachtelzucht-nrw.de\/?page_id=90"},"modified":"2021-03-07T16:47:18","modified_gmt":"2021-03-07T16:47:18","slug":"abgabe","status":"publish","type":"page","link":"https:\/\/wachtelzucht-nrw.de\/?page_id=90","title":{"rendered":"Unsere Tiere"},"content":{"rendered":"\t\t<div data-elementor-type=\"wp-page\" data-elementor-id=\"90\" class=\"elementor elementor-90\">\n\t\t\t\t\t\t<section class=\"elementor-section elementor-top-section elementor-element elementor-element-4b1a5e6 elementor-section-boxed elementor-section-height-default elementor-section-height-default\" data-id=\"4b1a5e6\" data-element_type=\"section\" data-e-type=\"section\">\n\t\t\t\t\t\t<div class=\"elementor-container elementor-column-gap-default\">\n\t\t\t\t\t<div class=\"elementor-column elementor-col-100 elementor-top-column elementor-element elementor-element-962bd46\" data-id=\"962bd46\" data-element_type=\"column\" data-e-type=\"column\">\n\t\t\t<div class=\"elementor-widget-wrap elementor-element-populated\">\n\t\t\t\t\t\t<div class=\"elementor-element elementor-element-e581de7 elementor-widget elementor-widget-text-editor\" data-id=\"e581de7\" data-element_type=\"widget\" data-e-type=\"widget\" data-widget_type=\"text-editor.default\">\n\t\t\t\t<div class=\"elementor-widget-container\">\n\t\t\t\t\t\t\t\t\t<p>In unserer kleinen Zucht kommen fast alle der m\u00f6glichen Farbschl\u00e4ge vor. Wir halten alle Elterntiere in einer gro\u00dfen artgerechten Voliere zusammen. Im Folgenden finden Sie eine Auswahl der Farben.<\/p>\t\t\t\t\t\t\t\t<\/div>\n\t\t\t\t<\/div>\n\t\t\t\t\t<\/div>\n\t\t<\/div>\n\t\t\t\t\t<\/div>\n\t\t<\/section>\n\t\t\t\t<section class=\"elementor-section elementor-top-section elementor-element elementor-element-aadae46 elementor-section-boxed elementor-section-height-default elementor-section-height-default\" data-id=\"aadae46\" data-element_type=\"section\" data-e-type=\"section\">\n\t\t\t\t\t\t<div class=\"elementor-container elementor-column-gap-default\">\n\t\t\t\t\t<div class=\"elementor-column elementor-col-100 elementor-top-column elementor-element elementor-element-c3e7b28\" data-id=\"c3e7b28\" data-element_type=\"column\" data-e-type=\"column\">\n\t\t\t<div class=\"elementor-widget-wrap elementor-element-populated\">\n\t\t\t\t\t\t<section class=\"elementor-section elementor-inner-section elementor-element elementor-element-b50acc6 elementor-section-boxed elementor-section-height-default elementor-section-height-default\" data-id=\"b50acc6\" data-element_type=\"section\" data-e-type=\"section\">\n\t\t\t\t\t\t<div class=\"elementor-container elementor-column-gap-default\">\n\t\t\t\t\t<div class=\"elementor-column elementor-col-50 elementor-inner-column elementor-element elementor-element-b7c6198\" data-id=\"b7c6198\" data-element_type=\"column\" data-e-type=\"column\">\n\t\t\t<div class=\"elementor-widget-wrap elementor-element-populated\">\n\t\t\t\t\t\t<div class=\"elementor-element elementor-element-c8df6fc elementor-widget elementor-widget-image\" data-id=\"c8df6fc\" data-element_type=\"widget\" data-e-type=\"widget\" data-widget_type=\"image.default\">\n\t\t\t\t<div class=\"elementor-widget-container\">\n\t\t\t\t\t\t\t\t\t\t\t\t<figure class=\"wp-caption\">\n\t\t\t\t\t\t\t\t\t\t<img fetchpriority=\"high\" decoding=\"async\" width=\"1024\" height=\"768\" src=\"https:\/\/wachtelzucht-nrw.de\/wp-content\/uploads\/2021\/03\/IMG-20200603-WA0013-1024x768.jpg\" class=\"attachment-large size-large wp-image-99\" alt=\"\" srcset=\"https:\/\/wachtelzucht-nrw.de\/wp-content\/uploads\/2021\/03\/IMG-20200603-WA0013-1024x768.jpg 1024w, https:\/\/wachtelzucht-nrw.de\/wp-content\/uploads\/2021\/03\/IMG-20200603-WA0013-300x225.jpg 300w, https:\/\/wachtelzucht-nrw.de\/wp-content\/uploads\/2021\/03\/IMG-20200603-WA0013-768x576.jpg 768w, https:\/\/wachtelzucht-nrw.de\/wp-content\/uploads\/2021\/03\/IMG-20200603-WA0013-1536x1152.jpg 1536w, https:\/\/wachtelzucht-nrw.de\/wp-content\/uploads\/2021\/03\/IMG-20200603-WA0013-830x623.jpg 830w, https:\/\/wachtelzucht-nrw.de\/wp-content\/uploads\/2021\/03\/IMG-20200603-WA0013-230x173.jpg 230w, https:\/\/wachtelzucht-nrw.de\/wp-content\/uploads\/2021\/03\/IMG-20200603-WA0013-350x263.jpg 350w, https:\/\/wachtelzucht-nrw.de\/wp-content\/uploads\/2021\/03\/IMG-20200603-WA0013-480x360.jpg 480w, https:\/\/wachtelzucht-nrw.de\/wp-content\/uploads\/2021\/03\/IMG-20200603-WA0013.jpg 1600w\" sizes=\"(max-width: 1024px) 100vw, 1024px\" \/>\t\t\t\t\t\t\t\t\t\t\t<figcaption class=\"widget-image-caption wp-caption-text\">Wildfarben<\/figcaption>\n\t\t\t\t\t\t\t\t\t\t<\/figure>\n\t\t\t\t\t\t\t\t\t<\/div>\n\t\t\t\t<\/div>\n\t\t\t\t\t<\/div>\n\t\t<\/div>\n\t\t\t\t<div class=\"elementor-column elementor-col-50 elementor-inner-column elementor-element elementor-element-9aed413\" data-id=\"9aed413\" data-element_type=\"column\" data-e-type=\"column\">\n\t\t\t<div class=\"elementor-widget-wrap elementor-element-populated\">\n\t\t\t\t\t\t<div class=\"elementor-element elementor-element-e416da1 elementor-widget elementor-widget-image\" data-id=\"e416da1\" data-element_type=\"widget\" data-e-type=\"widget\" data-widget_type=\"image.default\">\n\t\t\t\t<div class=\"elementor-widget-container\">\n\t\t\t\t\t\t\t\t\t\t\t\t<figure class=\"wp-caption\">\n\t\t\t\t\t\t\t\t\t\t<img decoding=\"async\" width=\"1024\" height=\"768\" src=\"https:\/\/wachtelzucht-nrw.de\/wp-content\/uploads\/2021\/03\/IMAG0852-richtig-1024x768.jpg\" class=\"attachment-large size-large wp-image-121\" alt=\"\" srcset=\"https:\/\/wachtelzucht-nrw.de\/wp-content\/uploads\/2021\/03\/IMAG0852-richtig-1024x768.jpg 1024w, https:\/\/wachtelzucht-nrw.de\/wp-content\/uploads\/2021\/03\/IMAG0852-richtig-300x225.jpg 300w, https:\/\/wachtelzucht-nrw.de\/wp-content\/uploads\/2021\/03\/IMAG0852-richtig-768x576.jpg 768w, https:\/\/wachtelzucht-nrw.de\/wp-content\/uploads\/2021\/03\/IMAG0852-richtig-1536x1152.jpg 1536w, https:\/\/wachtelzucht-nrw.de\/wp-content\/uploads\/2021\/03\/IMAG0852-richtig-2048x1536.jpg 2048w, https:\/\/wachtelzucht-nrw.de\/wp-content\/uploads\/2021\/03\/IMAG0852-richtig-830x622.jpg 830w, https:\/\/wachtelzucht-nrw.de\/wp-content\/uploads\/2021\/03\/IMAG0852-richtig-230x172.jpg 230w, https:\/\/wachtelzucht-nrw.de\/wp-content\/uploads\/2021\/03\/IMAG0852-richtig-350x262.jpg 350w, https:\/\/wachtelzucht-nrw.de\/wp-content\/uploads\/2021\/03\/IMAG0852-richtig-480x360.jpg 480w\" sizes=\"(max-width: 1024px) 100vw, 1024px\" \/>\t\t\t\t\t\t\t\t\t\t\t<figcaption class=\"widget-image-caption wp-caption-text\">Perlfee<\/figcaption>\n\t\t\t\t\t\t\t\t\t\t<\/figure>\n\t\t\t\t\t\t\t\t\t<\/div>\n\t\t\t\t<\/div>\n\t\t\t\t\t<\/div>\n\t\t<\/div>\n\t\t\t\t\t<\/div>\n\t\t<\/section>\n\t\t\t\t\t<\/div>\n\t\t<\/div>\n\t\t\t\t\t<\/div>\n\t\t<\/section>\n\t\t\t\t<section class=\"elementor-section elementor-top-section elementor-element elementor-element-825f6ad elementor-section-full_width elementor-section-height-default elementor-section-height-default\" data-id=\"825f6ad\" data-element_type=\"section\" data-e-type=\"section\">\n\t\t\t\t\t\t<div class=\"elementor-container elementor-column-gap-default\">\n\t\t\t\t\t<div class=\"elementor-column elementor-col-100 elementor-top-column elementor-element elementor-element-aba8de9\" data-id=\"aba8de9\" data-element_type=\"column\" data-e-type=\"column\">\n\t\t\t<div class=\"elementor-widget-wrap elementor-element-populated\">\n\t\t\t\t\t\t<section class=\"elementor-section elementor-inner-section elementor-element elementor-element-e725009 elementor-section-boxed elementor-section-height-default elementor-section-height-default\" data-id=\"e725009\" data-element_type=\"section\" data-e-type=\"section\">\n\t\t\t\t\t\t<div class=\"elementor-container elementor-column-gap-default\">\n\t\t\t\t\t<div class=\"elementor-column elementor-col-50 elementor-inner-column elementor-element elementor-element-b3b748e\" data-id=\"b3b748e\" data-element_type=\"column\" data-e-type=\"column\">\n\t\t\t<div class=\"elementor-widget-wrap elementor-element-populated\">\n\t\t\t\t\t\t<div class=\"elementor-element elementor-element-e9bc259 elementor-widget elementor-widget-image\" data-id=\"e9bc259\" data-element_type=\"widget\" data-e-type=\"widget\" data-widget_type=\"image.default\">\n\t\t\t\t<div class=\"elementor-widget-container\">\n\t\t\t\t\t\t\t\t\t\t\t\t<figure class=\"wp-caption\">\n\t\t\t\t\t\t\t\t\t\t<img decoding=\"async\" width=\"1024\" height=\"768\" src=\"https:\/\/wachtelzucht-nrw.de\/wp-content\/uploads\/2021\/03\/IMAGE_1585552623209_8323595923280141913.jpg\" class=\"attachment-large size-large wp-image-106\" alt=\"\" srcset=\"https:\/\/wachtelzucht-nrw.de\/wp-content\/uploads\/2021\/03\/IMAGE_1585552623209_8323595923280141913.jpg 1024w, https:\/\/wachtelzucht-nrw.de\/wp-content\/uploads\/2021\/03\/IMAGE_1585552623209_8323595923280141913-300x225.jpg 300w, https:\/\/wachtelzucht-nrw.de\/wp-content\/uploads\/2021\/03\/IMAGE_1585552623209_8323595923280141913-768x576.jpg 768w, https:\/\/wachtelzucht-nrw.de\/wp-content\/uploads\/2021\/03\/IMAGE_1585552623209_8323595923280141913-830x623.jpg 830w, https:\/\/wachtelzucht-nrw.de\/wp-content\/uploads\/2021\/03\/IMAGE_1585552623209_8323595923280141913-230x173.jpg 230w, https:\/\/wachtelzucht-nrw.de\/wp-content\/uploads\/2021\/03\/IMAGE_1585552623209_8323595923280141913-350x263.jpg 350w, https:\/\/wachtelzucht-nrw.de\/wp-content\/uploads\/2021\/03\/IMAGE_1585552623209_8323595923280141913-480x360.jpg 480w\" sizes=\"(max-width: 1024px) 100vw, 1024px\" \/>\t\t\t\t\t\t\t\t\t\t\t<figcaption class=\"widget-image-caption wp-caption-text\">Graufee<\/figcaption>\n\t\t\t\t\t\t\t\t\t\t<\/figure>\n\t\t\t\t\t\t\t\t\t<\/div>\n\t\t\t\t<\/div>\n\t\t\t\t\t<\/div>\n\t\t<\/div>\n\t\t\t\t<div class=\"elementor-column elementor-col-50 elementor-inner-column elementor-element elementor-element-37fc2ac\" data-id=\"37fc2ac\" data-element_type=\"column\" data-e-type=\"column\">\n\t\t\t<div class=\"elementor-widget-wrap elementor-element-populated\">\n\t\t\t\t\t\t<div class=\"elementor-element elementor-element-3686403 elementor-widget elementor-widget-image\" data-id=\"3686403\" data-element_type=\"widget\" data-e-type=\"widget\" data-widget_type=\"image.default\">\n\t\t\t\t<div class=\"elementor-widget-container\">\n\t\t\t\t\t\t\t\t\t\t\t\t<figure class=\"wp-caption\">\n\t\t\t\t\t\t\t\t\t\t<img loading=\"lazy\" decoding=\"async\" width=\"1024\" height=\"768\" src=\"https:\/\/wachtelzucht-nrw.de\/wp-content\/uploads\/2021\/03\/IMAGE_1577271106343_4834190551600614651.jpg\" class=\"attachment-large size-large wp-image-109\" alt=\"\" srcset=\"https:\/\/wachtelzucht-nrw.de\/wp-content\/uploads\/2021\/03\/IMAGE_1577271106343_4834190551600614651.jpg 1024w, https:\/\/wachtelzucht-nrw.de\/wp-content\/uploads\/2021\/03\/IMAGE_1577271106343_4834190551600614651-300x225.jpg 300w, https:\/\/wachtelzucht-nrw.de\/wp-content\/uploads\/2021\/03\/IMAGE_1577271106343_4834190551600614651-768x576.jpg 768w, https:\/\/wachtelzucht-nrw.de\/wp-content\/uploads\/2021\/03\/IMAGE_1577271106343_4834190551600614651-830x623.jpg 830w, https:\/\/wachtelzucht-nrw.de\/wp-content\/uploads\/2021\/03\/IMAGE_1577271106343_4834190551600614651-230x173.jpg 230w, https:\/\/wachtelzucht-nrw.de\/wp-content\/uploads\/2021\/03\/IMAGE_1577271106343_4834190551600614651-350x263.jpg 350w, https:\/\/wachtelzucht-nrw.de\/wp-content\/uploads\/2021\/03\/IMAGE_1577271106343_4834190551600614651-480x360.jpg 480w\" sizes=\"(max-width: 1024px) 100vw, 1024px\" \/>\t\t\t\t\t\t\t\t\t\t\t<figcaption class=\"widget-image-caption wp-caption-text\">Tenebrosus<\/figcaption>\n\t\t\t\t\t\t\t\t\t\t<\/figure>\n\t\t\t\t\t\t\t\t\t<\/div>\n\t\t\t\t<\/div>\n\t\t\t\t\t<\/div>\n\t\t<\/div>\n\t\t\t\t\t<\/div>\n\t\t<\/section>\n\t\t\t\t\t<\/div>\n\t\t<\/div>\n\t\t\t\t\t<\/div>\n\t\t<\/section>\n\t\t\t\t<section class=\"elementor-section elementor-top-section elementor-element elementor-element-915c4fb elementor-section-boxed elementor-section-height-default elementor-section-height-default\" data-id=\"915c4fb\" data-element_type=\"section\" data-e-type=\"section\">\n\t\t\t\t\t\t<div class=\"elementor-container elementor-column-gap-default\">\n\t\t\t\t\t<div class=\"elementor-column elementor-col-50 elementor-top-column elementor-element elementor-element-4c60a8b\" data-id=\"4c60a8b\" data-element_type=\"column\" data-e-type=\"column\">\n\t\t\t<div class=\"elementor-widget-wrap elementor-element-populated\">\n\t\t\t\t\t\t<div class=\"elementor-element elementor-element-da52e80 elementor-widget elementor-widget-image\" data-id=\"da52e80\" data-element_type=\"widget\" data-e-type=\"widget\" data-widget_type=\"image.default\">\n\t\t\t\t<div class=\"elementor-widget-container\">\n\t\t\t\t\t\t\t\t\t\t\t\t<figure class=\"wp-caption\">\n\t\t\t\t\t\t\t\t\t\t<img loading=\"lazy\" decoding=\"async\" width=\"1024\" height=\"768\" src=\"https:\/\/wachtelzucht-nrw.de\/wp-content\/uploads\/2021\/03\/IMAGE_1587316742890_3116394464819855037.jpg\" class=\"attachment-large size-large wp-image-111\" alt=\"\" srcset=\"https:\/\/wachtelzucht-nrw.de\/wp-content\/uploads\/2021\/03\/IMAGE_1587316742890_3116394464819855037.jpg 1024w, https:\/\/wachtelzucht-nrw.de\/wp-content\/uploads\/2021\/03\/IMAGE_1587316742890_3116394464819855037-300x225.jpg 300w, https:\/\/wachtelzucht-nrw.de\/wp-content\/uploads\/2021\/03\/IMAGE_1587316742890_3116394464819855037-768x576.jpg 768w, https:\/\/wachtelzucht-nrw.de\/wp-content\/uploads\/2021\/03\/IMAGE_1587316742890_3116394464819855037-830x623.jpg 830w, https:\/\/wachtelzucht-nrw.de\/wp-content\/uploads\/2021\/03\/IMAGE_1587316742890_3116394464819855037-230x173.jpg 230w, https:\/\/wachtelzucht-nrw.de\/wp-content\/uploads\/2021\/03\/IMAGE_1587316742890_3116394464819855037-350x263.jpg 350w, https:\/\/wachtelzucht-nrw.de\/wp-content\/uploads\/2021\/03\/IMAGE_1587316742890_3116394464819855037-480x360.jpg 480w\" sizes=\"(max-width: 1024px) 100vw, 1024px\" \/>\t\t\t\t\t\t\t\t\t\t\t<figcaption class=\"widget-image-caption wp-caption-text\">Goldsprenkel<\/figcaption>\n\t\t\t\t\t\t\t\t\t\t<\/figure>\n\t\t\t\t\t\t\t\t\t<\/div>\n\t\t\t\t<\/div>\n\t\t\t\t\t<\/div>\n\t\t<\/div>\n\t\t\t\t<div class=\"elementor-column elementor-col-50 elementor-top-column elementor-element elementor-element-966a8e9\" data-id=\"966a8e9\" data-element_type=\"column\" data-e-type=\"column\">\n\t\t\t<div class=\"elementor-widget-wrap elementor-element-populated\">\n\t\t\t\t\t\t<div class=\"elementor-element elementor-element-6164515 elementor-widget elementor-widget-image\" data-id=\"6164515\" data-element_type=\"widget\" data-e-type=\"widget\" data-widget_type=\"image.default\">\n\t\t\t\t<div class=\"elementor-widget-container\">\n\t\t\t\t\t\t\t\t\t\t\t\t<figure class=\"wp-caption\">\n\t\t\t\t\t\t\t\t\t\t<img loading=\"lazy\" decoding=\"async\" width=\"1024\" height=\"767\" src=\"https:\/\/wachtelzucht-nrw.de\/wp-content\/uploads\/2021\/03\/IMAG0873-2-1024x767.jpg\" class=\"attachment-large size-large wp-image-108\" alt=\"\" srcset=\"https:\/\/wachtelzucht-nrw.de\/wp-content\/uploads\/2021\/03\/IMAG0873-2-1024x767.jpg 1024w, https:\/\/wachtelzucht-nrw.de\/wp-content\/uploads\/2021\/03\/IMAG0873-2-300x225.jpg 300w, https:\/\/wachtelzucht-nrw.de\/wp-content\/uploads\/2021\/03\/IMAG0873-2-768x575.jpg 768w, https:\/\/wachtelzucht-nrw.de\/wp-content\/uploads\/2021\/03\/IMAG0873-2-1536x1151.jpg 1536w, https:\/\/wachtelzucht-nrw.de\/wp-content\/uploads\/2021\/03\/IMAG0873-2-2048x1534.jpg 2048w, https:\/\/wachtelzucht-nrw.de\/wp-content\/uploads\/2021\/03\/IMAG0873-2-830x622.jpg 830w, https:\/\/wachtelzucht-nrw.de\/wp-content\/uploads\/2021\/03\/IMAG0873-2-230x172.jpg 230w, https:\/\/wachtelzucht-nrw.de\/wp-content\/uploads\/2021\/03\/IMAG0873-2-350x262.jpg 350w, https:\/\/wachtelzucht-nrw.de\/wp-content\/uploads\/2021\/03\/IMAG0873-2-480x360.jpg 480w\" sizes=\"(max-width: 1024px) 100vw, 1024px\" \/>\t\t\t\t\t\t\t\t\t\t\t<figcaption class=\"widget-image-caption wp-caption-text\">Schecken in verschiedenen Farben<\/figcaption>\n\t\t\t\t\t\t\t\t\t\t<\/figure>\n\t\t\t\t\t\t\t\t\t<\/div>\n\t\t\t\t<\/div>\n\t\t\t\t\t<\/div>\n\t\t<\/div>\n\t\t\t\t\t<\/div>\n\t\t<\/section>\n\t\t\t\t<\/div>\n\t\t","protected":false},"excerpt":{"rendered":"<p>In unserer kleinen Zucht kommen fast alle der m\u00f6glichen Farbschl\u00e4ge vor. Wir halten alle Elterntiere in einer gro\u00dfen artgerechten Voliere zusammen. Im [&hellip;]<\/p>\n","protected":false},"author":1,"featured_media":0,"parent":0,"menu_order":0,"comment_status":"closed","ping_status":"closed","template":"","meta":{"footnotes":""},"class_list":["post-90","page","type-page","status-publish","hentry"],"_links":{"self":[{"href":"https:\/\/wachtelzucht-nrw.de\/index.php?rest_route=\/wp\/v2\/pages\/90","targetHints":{"allow":["GET"]}}],"collection":[{"href":"https:\/\/wachtelzucht-nrw.de\/index.php?rest_route=\/wp\/v2\/pages"}],"about":[{"href":"https:\/\/wachtelzucht-nrw.de\/index.php?rest_route=\/wp\/v2\/types\/page"}],"author":[{"embeddable":true,"href":"https:\/\/wachtelzucht-nrw.de\/index.php?rest_route=\/wp\/v2\/users\/1"}],"replies":[{"embeddable":true,"href":"https:\/\/wachtelzucht-nrw.de\/index.php?rest_route=%2Fwp%2Fv2%2Fcomments&post=90"}],"version-history":[{"count":23,"href":"https:\/\/wachtelzucht-nrw.de\/index.php?rest_route=\/wp\/v2\/pages\/90\/revisions"}],"predecessor-version":[{"id":133,"href":"https:\/\/wachtelzucht-nrw.de\/index.php?rest_route=\/wp\/v2\/pages\/90\/revisions\/133"}],"wp:attachment":[{"href":"https:\/\/wachtelzucht-nrw.de\/index.php?rest_route=%2Fwp%2Fv2%2Fmedia&parent=90"}],"curies":[{"name":"wp","href":"https:\/\/api.w.org\/{rel}","templated":true}]}}