{"id":8,"date":"2020-06-20T18:37:31","date_gmt":"2020-06-20T18:37:31","guid":{"rendered":"https:\/\/wachtelzucht-nrw.de\/?page_id=8"},"modified":"2022-05-12T12:43:15","modified_gmt":"2022-05-12T12:43:15","slug":"aufzucht","status":"publish","type":"page","link":"https:\/\/wachtelzucht-nrw.de\/?page_id=8","title":{"rendered":"Aufzucht"},"content":{"rendered":"\t\t<div data-elementor-type=\"wp-page\" data-elementor-id=\"8\" class=\"elementor elementor-8\">\n\t\t\t\t\t\t<section class=\"elementor-section elementor-top-section elementor-element elementor-element-547dbd0 elementor-section-boxed elementor-section-height-default elementor-section-height-default\" data-id=\"547dbd0\" data-element_type=\"section\" data-e-type=\"section\">\n\t\t\t\t\t\t<div class=\"elementor-container elementor-column-gap-default\">\n\t\t\t\t\t<div class=\"elementor-column elementor-col-100 elementor-top-column elementor-element elementor-element-448ee8d\" data-id=\"448ee8d\" data-element_type=\"column\" data-e-type=\"column\">\n\t\t\t<div class=\"elementor-widget-wrap elementor-element-populated\">\n\t\t\t\t\t\t<div class=\"elementor-element elementor-element-16749c0 elementor-widget elementor-widget-text-editor\" data-id=\"16749c0\" data-element_type=\"widget\" data-e-type=\"widget\" data-widget_type=\"text-editor.default\">\n\t\t\t\t<div class=\"elementor-widget-container\">\n\t\t\t\t\t\t\t\t\t<p class=\"MsoNormal\">Unsere K\u00fcken werden m\u00f6glichst naturnah gro\u00dfgezogen. Wir br\u00fcten nur von April bis September, um eine Aufzucht drau\u00dfen gew\u00e4hrleisten zu k\u00f6nnen. So werden die K\u00fcken an \u00e4u\u00dfere Umwelteinfl\u00fcsse gew\u00f6hnt und k\u00f6nnen mit viel Platz und nat\u00fcrlicher Einstreu zu robusten Tieren heranwachsen.<\/p><p class=\"MsoNormal\">Wir f\u00fcttern hochwertiges K\u00fckenfutter und zudem wird bei der Aufzucht bereits auf eine gute Mineralversorgung geachtet. Dies ist wichtig f\u00fcr ein gesundes Wachstum und Immunsystem.<\/p><p>\u00a0<\/p><p class=\"MsoNormal\">Die ersten zwei Wochen im K\u00fckenheim erhalten die Kleinen viel W\u00e4rme. Durch viel Kontakt und das F\u00fcttern aus der Hand sind die K\u00fcken von klein auf sehr zutraulich.<\/p>\t\t\t\t\t\t\t\t<\/div>\n\t\t\t\t<\/div>\n\t\t\t\t\t<\/div>\n\t\t<\/div>\n\t\t\t\t\t<\/div>\n\t\t<\/section>\n\t\t\t\t<section class=\"elementor-section elementor-top-section elementor-element elementor-element-75c0e24 elementor-section-boxed elementor-section-height-default elementor-section-height-default\" data-id=\"75c0e24\" data-element_type=\"section\" data-e-type=\"section\">\n\t\t\t\t\t\t<div class=\"elementor-container elementor-column-gap-default\">\n\t\t\t\t\t<div class=\"elementor-column elementor-col-33 elementor-top-column elementor-element elementor-element-c280dc3\" data-id=\"c280dc3\" data-element_type=\"column\" data-e-type=\"column\">\n\t\t\t<div class=\"elementor-widget-wrap elementor-element-populated\">\n\t\t\t\t\t\t<div class=\"elementor-element elementor-element-77fbac2 elementor-widget elementor-widget-image\" data-id=\"77fbac2\" data-element_type=\"widget\" data-e-type=\"widget\" data-widget_type=\"image.default\">\n\t\t\t\t<div class=\"elementor-widget-container\">\n\t\t\t\t\t\t\t\t\t\t\t\t\t\t\t<img fetchpriority=\"high\" decoding=\"async\" width=\"1024\" height=\"768\" src=\"https:\/\/wachtelzucht-nrw.de\/wp-content\/uploads\/2021\/04\/IMAG0934-1024x768.jpg\" class=\"attachment-large size-large wp-image-224\" alt=\"\" srcset=\"https:\/\/wachtelzucht-nrw.de\/wp-content\/uploads\/2021\/04\/IMAG0934-1024x768.jpg 1024w, https:\/\/wachtelzucht-nrw.de\/wp-content\/uploads\/2021\/04\/IMAG0934-300x225.jpg 300w, https:\/\/wachtelzucht-nrw.de\/wp-content\/uploads\/2021\/04\/IMAG0934-768x576.jpg 768w, https:\/\/wachtelzucht-nrw.de\/wp-content\/uploads\/2021\/04\/IMAG0934-1536x1152.jpg 1536w, https:\/\/wachtelzucht-nrw.de\/wp-content\/uploads\/2021\/04\/IMAG0934-2048x1536.jpg 2048w, https:\/\/wachtelzucht-nrw.de\/wp-content\/uploads\/2021\/04\/IMAG0934-830x623.jpg 830w, https:\/\/wachtelzucht-nrw.de\/wp-content\/uploads\/2021\/04\/IMAG0934-230x173.jpg 230w, https:\/\/wachtelzucht-nrw.de\/wp-content\/uploads\/2021\/04\/IMAG0934-350x263.jpg 350w, https:\/\/wachtelzucht-nrw.de\/wp-content\/uploads\/2021\/04\/IMAG0934-480x360.jpg 480w\" sizes=\"(max-width: 1024px) 100vw, 1024px\" \/>\t\t\t\t\t\t\t\t\t\t\t\t\t\t\t<\/div>\n\t\t\t\t<\/div>\n\t\t\t\t\t<\/div>\n\t\t<\/div>\n\t\t\t\t<div class=\"elementor-column elementor-col-33 elementor-top-column elementor-element elementor-element-57899dc\" data-id=\"57899dc\" data-element_type=\"column\" data-e-type=\"column\">\n\t\t\t<div class=\"elementor-widget-wrap elementor-element-populated\">\n\t\t\t\t\t\t<div class=\"elementor-element elementor-element-a1f3065 elementor-widget elementor-widget-image\" data-id=\"a1f3065\" data-element_type=\"widget\" data-e-type=\"widget\" data-widget_type=\"image.default\">\n\t\t\t\t<div class=\"elementor-widget-container\">\n\t\t\t\t\t\t\t\t\t\t\t\t\t\t\t<img decoding=\"async\" width=\"1024\" height=\"768\" src=\"https:\/\/wachtelzucht-nrw.de\/wp-content\/uploads\/2021\/04\/IMAG0950-1024x768.jpg\" class=\"attachment-large size-large wp-image-225\" alt=\"\" srcset=\"https:\/\/wachtelzucht-nrw.de\/wp-content\/uploads\/2021\/04\/IMAG0950-1024x768.jpg 1024w, https:\/\/wachtelzucht-nrw.de\/wp-content\/uploads\/2021\/04\/IMAG0950-300x225.jpg 300w, https:\/\/wachtelzucht-nrw.de\/wp-content\/uploads\/2021\/04\/IMAG0950-768x576.jpg 768w, https:\/\/wachtelzucht-nrw.de\/wp-content\/uploads\/2021\/04\/IMAG0950-1536x1152.jpg 1536w, https:\/\/wachtelzucht-nrw.de\/wp-content\/uploads\/2021\/04\/IMAG0950-2048x1536.jpg 2048w, https:\/\/wachtelzucht-nrw.de\/wp-content\/uploads\/2021\/04\/IMAG0950-830x623.jpg 830w, https:\/\/wachtelzucht-nrw.de\/wp-content\/uploads\/2021\/04\/IMAG0950-230x173.jpg 230w, https:\/\/wachtelzucht-nrw.de\/wp-content\/uploads\/2021\/04\/IMAG0950-350x263.jpg 350w, https:\/\/wachtelzucht-nrw.de\/wp-content\/uploads\/2021\/04\/IMAG0950-480x360.jpg 480w\" sizes=\"(max-width: 1024px) 100vw, 1024px\" \/>\t\t\t\t\t\t\t\t\t\t\t\t\t\t\t<\/div>\n\t\t\t\t<\/div>\n\t\t\t\t\t<\/div>\n\t\t<\/div>\n\t\t\t\t<div class=\"elementor-column elementor-col-33 elementor-top-column elementor-element elementor-element-3134394\" data-id=\"3134394\" data-element_type=\"column\" data-e-type=\"column\">\n\t\t\t<div class=\"elementor-widget-wrap elementor-element-populated\">\n\t\t\t\t\t\t<div class=\"elementor-element elementor-element-c70a8d4 elementor-widget elementor-widget-image\" data-id=\"c70a8d4\" data-element_type=\"widget\" data-e-type=\"widget\" data-widget_type=\"image.default\">\n\t\t\t\t<div class=\"elementor-widget-container\">\n\t\t\t\t\t\t\t\t\t\t\t\t\t\t\t<img decoding=\"async\" width=\"1024\" height=\"768\" src=\"https:\/\/wachtelzucht-nrw.de\/wp-content\/uploads\/2021\/04\/IMG-20200711-WA0000-1024x768.jpg\" class=\"attachment-large size-large wp-image-226\" alt=\"\" srcset=\"https:\/\/wachtelzucht-nrw.de\/wp-content\/uploads\/2021\/04\/IMG-20200711-WA0000-1024x768.jpg 1024w, https:\/\/wachtelzucht-nrw.de\/wp-content\/uploads\/2021\/04\/IMG-20200711-WA0000-300x225.jpg 300w, https:\/\/wachtelzucht-nrw.de\/wp-content\/uploads\/2021\/04\/IMG-20200711-WA0000-768x576.jpg 768w, https:\/\/wachtelzucht-nrw.de\/wp-content\/uploads\/2021\/04\/IMG-20200711-WA0000-1536x1152.jpg 1536w, https:\/\/wachtelzucht-nrw.de\/wp-content\/uploads\/2021\/04\/IMG-20200711-WA0000-830x623.jpg 830w, https:\/\/wachtelzucht-nrw.de\/wp-content\/uploads\/2021\/04\/IMG-20200711-WA0000-230x173.jpg 230w, https:\/\/wachtelzucht-nrw.de\/wp-content\/uploads\/2021\/04\/IMG-20200711-WA0000-350x263.jpg 350w, https:\/\/wachtelzucht-nrw.de\/wp-content\/uploads\/2021\/04\/IMG-20200711-WA0000-480x360.jpg 480w, https:\/\/wachtelzucht-nrw.de\/wp-content\/uploads\/2021\/04\/IMG-20200711-WA0000.jpg 1600w\" sizes=\"(max-width: 1024px) 100vw, 1024px\" \/>\t\t\t\t\t\t\t\t\t\t\t\t\t\t\t<\/div>\n\t\t\t\t<\/div>\n\t\t\t\t\t<\/div>\n\t\t<\/div>\n\t\t\t\t\t<\/div>\n\t\t<\/section>\n\t\t\t\t<section class=\"elementor-section elementor-top-section elementor-element elementor-element-eba35e4 elementor-section-boxed elementor-section-height-default elementor-section-height-default\" data-id=\"eba35e4\" data-element_type=\"section\" data-e-type=\"section\">\n\t\t\t\t\t\t<div class=\"elementor-container elementor-column-gap-default\">\n\t\t\t\t\t<div class=\"elementor-column elementor-col-100 elementor-top-column elementor-element elementor-element-b3843aa\" data-id=\"b3843aa\" data-element_type=\"column\" data-e-type=\"column\">\n\t\t\t<div class=\"elementor-widget-wrap elementor-element-populated\">\n\t\t\t\t\t\t<div class=\"elementor-element elementor-element-a0b5e3f elementor-widget elementor-widget-text-editor\" data-id=\"a0b5e3f\" data-element_type=\"widget\" data-e-type=\"widget\" data-widget_type=\"text-editor.default\">\n\t\t\t\t<div class=\"elementor-widget-container\">\n\t\t\t\t\t\t\t\t\t<p class=\"MsoNormal\">Ab der dritten Woche beziehen die Halbstarken bereits ihre&nbsp;Au\u00dfenvoliere. Hier k\u00f6nnen Sie frei fliegen und herumspringen. Sie haben Zugang<br>zu nat\u00fcrlicher Erdeinstreu und Verstecken.<\/p><p class=\"MsoNormal\">Die K\u00fcken werden sowohl an den Menschen insbesondere das&nbsp;F\u00fcttern aus der Hand sowie an Hunde gew\u00f6hnt. So sind sie gut sozialisiert und&nbsp;weniger scheu.<\/p>\t\t\t\t\t\t\t\t<\/div>\n\t\t\t\t<\/div>\n\t\t\t\t\t<\/div>\n\t\t<\/div>\n\t\t\t\t\t<\/div>\n\t\t<\/section>\n\t\t\t\t<section class=\"elementor-section elementor-top-section elementor-element elementor-element-23c0905 elementor-section-boxed elementor-section-height-default elementor-section-height-default\" data-id=\"23c0905\" data-element_type=\"section\" data-e-type=\"section\">\n\t\t\t\t\t\t<div class=\"elementor-container elementor-column-gap-default\">\n\t\t\t\t\t<div class=\"elementor-column elementor-col-50 elementor-top-column elementor-element elementor-element-3fb57b0\" data-id=\"3fb57b0\" data-element_type=\"column\" data-e-type=\"column\">\n\t\t\t<div class=\"elementor-widget-wrap elementor-element-populated\">\n\t\t\t\t\t\t<div class=\"elementor-element elementor-element-9a74e52 elementor-widget elementor-widget-image\" data-id=\"9a74e52\" data-element_type=\"widget\" data-e-type=\"widget\" data-widget_type=\"image.default\">\n\t\t\t\t<div class=\"elementor-widget-container\">\n\t\t\t\t\t\t\t\t\t\t\t\t\t\t\t<img loading=\"lazy\" decoding=\"async\" width=\"1024\" height=\"768\" src=\"https:\/\/wachtelzucht-nrw.de\/wp-content\/uploads\/2021\/04\/IMAG0768-1024x768.jpg\" class=\"attachment-large size-large wp-image-233\" alt=\"\" srcset=\"https:\/\/wachtelzucht-nrw.de\/wp-content\/uploads\/2021\/04\/IMAG0768-1024x768.jpg 1024w, https:\/\/wachtelzucht-nrw.de\/wp-content\/uploads\/2021\/04\/IMAG0768-300x225.jpg 300w, https:\/\/wachtelzucht-nrw.de\/wp-content\/uploads\/2021\/04\/IMAG0768-768x576.jpg 768w, https:\/\/wachtelzucht-nrw.de\/wp-content\/uploads\/2021\/04\/IMAG0768-1536x1152.jpg 1536w, https:\/\/wachtelzucht-nrw.de\/wp-content\/uploads\/2021\/04\/IMAG0768-2048x1536.jpg 2048w, https:\/\/wachtelzucht-nrw.de\/wp-content\/uploads\/2021\/04\/IMAG0768-830x623.jpg 830w, https:\/\/wachtelzucht-nrw.de\/wp-content\/uploads\/2021\/04\/IMAG0768-230x173.jpg 230w, https:\/\/wachtelzucht-nrw.de\/wp-content\/uploads\/2021\/04\/IMAG0768-350x263.jpg 350w, https:\/\/wachtelzucht-nrw.de\/wp-content\/uploads\/2021\/04\/IMAG0768-480x360.jpg 480w\" sizes=\"(max-width: 1024px) 100vw, 1024px\" \/>\t\t\t\t\t\t\t\t\t\t\t\t\t\t\t<\/div>\n\t\t\t\t<\/div>\n\t\t\t\t\t<\/div>\n\t\t<\/div>\n\t\t\t\t<div class=\"elementor-column elementor-col-50 elementor-top-column elementor-element elementor-element-b5d6135\" data-id=\"b5d6135\" data-element_type=\"column\" data-e-type=\"column\">\n\t\t\t<div class=\"elementor-widget-wrap elementor-element-populated\">\n\t\t\t\t\t\t<div class=\"elementor-element elementor-element-6457621 elementor-widget elementor-widget-image\" data-id=\"6457621\" data-element_type=\"widget\" data-e-type=\"widget\" data-widget_type=\"image.default\">\n\t\t\t\t<div class=\"elementor-widget-container\">\n\t\t\t\t\t\t\t\t\t\t\t\t\t\t\t<img loading=\"lazy\" decoding=\"async\" width=\"1024\" height=\"768\" src=\"https:\/\/wachtelzucht-nrw.de\/wp-content\/uploads\/2021\/04\/IMAG0977-1024x768.jpg\" class=\"attachment-large size-large wp-image-235\" alt=\"\" srcset=\"https:\/\/wachtelzucht-nrw.de\/wp-content\/uploads\/2021\/04\/IMAG0977-1024x768.jpg 1024w, https:\/\/wachtelzucht-nrw.de\/wp-content\/uploads\/2021\/04\/IMAG0977-300x225.jpg 300w, https:\/\/wachtelzucht-nrw.de\/wp-content\/uploads\/2021\/04\/IMAG0977-768x576.jpg 768w, https:\/\/wachtelzucht-nrw.de\/wp-content\/uploads\/2021\/04\/IMAG0977-1536x1152.jpg 1536w, https:\/\/wachtelzucht-nrw.de\/wp-content\/uploads\/2021\/04\/IMAG0977-2048x1536.jpg 2048w, https:\/\/wachtelzucht-nrw.de\/wp-content\/uploads\/2021\/04\/IMAG0977-830x623.jpg 830w, https:\/\/wachtelzucht-nrw.de\/wp-content\/uploads\/2021\/04\/IMAG0977-230x173.jpg 230w, https:\/\/wachtelzucht-nrw.de\/wp-content\/uploads\/2021\/04\/IMAG0977-350x263.jpg 350w, https:\/\/wachtelzucht-nrw.de\/wp-content\/uploads\/2021\/04\/IMAG0977-480x360.jpg 480w\" sizes=\"(max-width: 1024px) 100vw, 1024px\" \/>\t\t\t\t\t\t\t\t\t\t\t\t\t\t\t<\/div>\n\t\t\t\t<\/div>\n\t\t\t\t\t<\/div>\n\t\t<\/div>\n\t\t\t\t\t<\/div>\n\t\t<\/section>\n\t\t\t\t<section class=\"elementor-section elementor-top-section elementor-element elementor-element-1a0c5b2 elementor-section-boxed elementor-section-height-default elementor-section-height-default\" data-id=\"1a0c5b2\" data-element_type=\"section\" data-e-type=\"section\">\n\t\t\t\t\t\t<div class=\"elementor-container elementor-column-gap-default\">\n\t\t\t\t\t<div class=\"elementor-column elementor-col-100 elementor-top-column elementor-element elementor-element-fe4172a\" data-id=\"fe4172a\" data-element_type=\"column\" data-e-type=\"column\">\n\t\t\t<div class=\"elementor-widget-wrap elementor-element-populated\">\n\t\t\t\t\t\t<div class=\"elementor-element elementor-element-f555482 elementor-widget elementor-widget-text-editor\" data-id=\"f555482\" data-element_type=\"widget\" data-e-type=\"widget\" data-widget_type=\"text-editor.default\">\n\t\t\t\t<div class=\"elementor-widget-container\">\n\t\t\t\t\t\t\t\t\t<p>Ab der 6.\/7 Woche k\u00f6nnen die Geschlechter bestimmt werden und die Jungtiere ziehen in Ihr neues Zuhause. Unter &#8222;Unsere Tiere&#8220; finden Sie die verschiedenen Farbschl\u00e4ge. Wenn Sie Interesse an Jungtieren haben, kontaktieren Sie uns gerne.<\/p>\t\t\t\t\t\t\t\t<\/div>\n\t\t\t\t<\/div>\n\t\t\t\t\t<\/div>\n\t\t<\/div>\n\t\t\t\t\t<\/div>\n\t\t<\/section>\n\t\t\t\t<section class=\"elementor-section elementor-top-section elementor-element elementor-element-03ff79f elementor-section-boxed elementor-section-height-default elementor-section-height-default\" data-id=\"03ff79f\" data-element_type=\"section\" data-e-type=\"section\">\n\t\t\t\t\t\t<div class=\"elementor-container elementor-column-gap-default\">\n\t\t\t\t\t<div class=\"elementor-column elementor-col-100 elementor-top-column elementor-element elementor-element-60b2700\" data-id=\"60b2700\" data-element_type=\"column\" data-e-type=\"column\">\n\t\t\t<div class=\"elementor-widget-wrap elementor-element-populated\">\n\t\t\t\t\t\t<div class=\"elementor-element elementor-element-d9ea3d7 elementor-widget elementor-widget-text-editor\" data-id=\"d9ea3d7\" data-element_type=\"widget\" data-e-type=\"widget\" data-widget_type=\"text-editor.default\">\n\t\t\t\t<div class=\"elementor-widget-container\">\n\t\t\t\t\t\t\t\t\t<p class=\"MsoNormal\">Jedes Jahr br\u00fcten auch immer ein paar Hennen, so dass einige K\u00fcken auch mit Naturbrut gro\u00df werden d\u00fcrfen. Das ist immer besonders sch\u00f6n anzuschauen und die nat\u00fcrlichste Aufzucht.<\/p>\t\t\t\t\t\t\t\t<\/div>\n\t\t\t\t<\/div>\n\t\t\t\t\t<\/div>\n\t\t<\/div>\n\t\t\t\t\t<\/div>\n\t\t<\/section>\n\t\t\t\t<section class=\"elementor-section elementor-top-section elementor-element elementor-element-685473b elementor-section-boxed elementor-section-height-default elementor-section-height-default\" data-id=\"685473b\" data-element_type=\"section\" data-e-type=\"section\">\n\t\t\t\t\t\t<div class=\"elementor-container elementor-column-gap-default\">\n\t\t\t\t\t<div class=\"elementor-column elementor-col-50 elementor-top-column elementor-element elementor-element-9e0e64e\" data-id=\"9e0e64e\" data-element_type=\"column\" data-e-type=\"column\">\n\t\t\t<div class=\"elementor-widget-wrap elementor-element-populated\">\n\t\t\t\t\t\t<div class=\"elementor-element elementor-element-9848642 elementor-widget elementor-widget-image\" data-id=\"9848642\" data-element_type=\"widget\" data-e-type=\"widget\" data-widget_type=\"image.default\">\n\t\t\t\t<div class=\"elementor-widget-container\">\n\t\t\t\t\t\t\t\t\t\t\t\t\t\t\t<img loading=\"lazy\" decoding=\"async\" width=\"1024\" height=\"768\" src=\"https:\/\/wachtelzucht-nrw.de\/wp-content\/uploads\/2021\/04\/IMAG0037-1024x768.jpg\" class=\"attachment-large size-large wp-image-236\" alt=\"\" srcset=\"https:\/\/wachtelzucht-nrw.de\/wp-content\/uploads\/2021\/04\/IMAG0037-1024x768.jpg 1024w, https:\/\/wachtelzucht-nrw.de\/wp-content\/uploads\/2021\/04\/IMAG0037-300x225.jpg 300w, https:\/\/wachtelzucht-nrw.de\/wp-content\/uploads\/2021\/04\/IMAG0037-768x576.jpg 768w, https:\/\/wachtelzucht-nrw.de\/wp-content\/uploads\/2021\/04\/IMAG0037-1536x1152.jpg 1536w, https:\/\/wachtelzucht-nrw.de\/wp-content\/uploads\/2021\/04\/IMAG0037-2048x1536.jpg 2048w, https:\/\/wachtelzucht-nrw.de\/wp-content\/uploads\/2021\/04\/IMAG0037-830x623.jpg 830w, https:\/\/wachtelzucht-nrw.de\/wp-content\/uploads\/2021\/04\/IMAG0037-230x173.jpg 230w, https:\/\/wachtelzucht-nrw.de\/wp-content\/uploads\/2021\/04\/IMAG0037-350x263.jpg 350w, https:\/\/wachtelzucht-nrw.de\/wp-content\/uploads\/2021\/04\/IMAG0037-480x360.jpg 480w\" sizes=\"(max-width: 1024px) 100vw, 1024px\" \/>\t\t\t\t\t\t\t\t\t\t\t\t\t\t\t<\/div>\n\t\t\t\t<\/div>\n\t\t\t\t\t<\/div>\n\t\t<\/div>\n\t\t\t\t<div class=\"elementor-column elementor-col-50 elementor-top-column elementor-element elementor-element-0f5bcdf\" data-id=\"0f5bcdf\" data-element_type=\"column\" data-e-type=\"column\">\n\t\t\t<div class=\"elementor-widget-wrap elementor-element-populated\">\n\t\t\t\t\t\t<div class=\"elementor-element elementor-element-9164469 elementor-widget elementor-widget-image\" data-id=\"9164469\" data-element_type=\"widget\" data-e-type=\"widget\" data-widget_type=\"image.default\">\n\t\t\t\t<div class=\"elementor-widget-container\">\n\t\t\t\t\t\t\t\t\t\t\t\t\t\t\t<img loading=\"lazy\" decoding=\"async\" width=\"1024\" height=\"768\" src=\"https:\/\/wachtelzucht-nrw.de\/wp-content\/uploads\/2021\/04\/20190827_085352490_iOS-1024x768.jpg\" class=\"attachment-large size-large wp-image-237\" alt=\"\" srcset=\"https:\/\/wachtelzucht-nrw.de\/wp-content\/uploads\/2021\/04\/20190827_085352490_iOS-1024x768.jpg 1024w, https:\/\/wachtelzucht-nrw.de\/wp-content\/uploads\/2021\/04\/20190827_085352490_iOS-300x225.jpg 300w, https:\/\/wachtelzucht-nrw.de\/wp-content\/uploads\/2021\/04\/20190827_085352490_iOS-768x576.jpg 768w, https:\/\/wachtelzucht-nrw.de\/wp-content\/uploads\/2021\/04\/20190827_085352490_iOS-1536x1152.jpg 1536w, https:\/\/wachtelzucht-nrw.de\/wp-content\/uploads\/2021\/04\/20190827_085352490_iOS-2048x1536.jpg 2048w, https:\/\/wachtelzucht-nrw.de\/wp-content\/uploads\/2021\/04\/20190827_085352490_iOS-830x623.jpg 830w, https:\/\/wachtelzucht-nrw.de\/wp-content\/uploads\/2021\/04\/20190827_085352490_iOS-230x173.jpg 230w, https:\/\/wachtelzucht-nrw.de\/wp-content\/uploads\/2021\/04\/20190827_085352490_iOS-350x263.jpg 350w, https:\/\/wachtelzucht-nrw.de\/wp-content\/uploads\/2021\/04\/20190827_085352490_iOS-480x360.jpg 480w\" sizes=\"(max-width: 1024px) 100vw, 1024px\" \/>\t\t\t\t\t\t\t\t\t\t\t\t\t\t\t<\/div>\n\t\t\t\t<\/div>\n\t\t\t\t\t<\/div>\n\t\t<\/div>\n\t\t\t\t\t<\/div>\n\t\t<\/section>\n\t\t\t\t<\/div>\n\t\t","protected":false},"excerpt":{"rendered":"<p>Unsere K\u00fcken werden m\u00f6glichst naturnah gro\u00dfgezogen. Wir br\u00fcten nur von April bis September, um eine Aufzucht drau\u00dfen gew\u00e4hrleisten zu k\u00f6nnen. So werden [&hellip;]<\/p>\n","protected":false},"author":1,"featured_media":0,"parent":0,"menu_order":0,"comment_status":"closed","ping_status":"closed","template":"","meta":{"footnotes":""},"class_list":["post-8","page","type-page","status-publish","hentry"],"_links":{"self":[{"href":"https:\/\/wachtelzucht-nrw.de\/index.php?rest_route=\/wp\/v2\/pages\/8","targetHints":{"allow":["GET"]}}],"collection":[{"href":"https:\/\/wachtelzucht-nrw.de\/index.php?rest_route=\/wp\/v2\/pages"}],"about":[{"href":"https:\/\/wachtelzucht-nrw.de\/index.php?rest_route=\/wp\/v2\/types\/page"}],"author":[{"embeddable":true,"href":"https:\/\/wachtelzucht-nrw.de\/index.php?rest_route=\/wp\/v2\/users\/1"}],"replies":[{"embeddable":true,"href":"https:\/\/wachtelzucht-nrw.de\/index.php?rest_route=%2Fwp%2Fv2%2Fcomments&post=8"}],"version-history":[{"count":33,"href":"https:\/\/wachtelzucht-nrw.de\/index.php?rest_route=\/wp\/v2\/pages\/8\/revisions"}],"predecessor-version":[{"id":328,"href":"https:\/\/wachtelzucht-nrw.de\/index.php?rest_route=\/wp\/v2\/pages\/8\/revisions\/328"}],"wp:attachment":[{"href":"https:\/\/wachtelzucht-nrw.de\/index.php?rest_route=%2Fwp%2Fv2%2Fmedia&parent=8"}],"curies":[{"name":"wp","href":"https:\/\/api.w.org\/{rel}","templated":true}]}}