{"id":73,"date":"2021-03-07T10:14:44","date_gmt":"2021-03-07T10:14:44","guid":{"rendered":"https:\/\/wachtelzucht-nrw.de\/?page_id=73"},"modified":"2022-07-28T19:44:57","modified_gmt":"2022-07-28T19:44:57","slug":"home","status":"publish","type":"page","link":"https:\/\/wachtelzucht-nrw.de\/","title":{"rendered":"Home"},"content":{"rendered":"<p>Willkommen bei Wachtelzucht-NRW!<\/p>\n<p>Wir f\u00fchren am sch\u00f6nen Niederrhein eine kleine Hobbyzucht der japanischen Legewachteln. Mit dem eigenen Garten entdeckten wir, neben dem Gem\u00fcseg\u00e4rtnern, auch schon bald unsere Leidenschaft f\u00fcr Gefl\u00fcgel. Die Gefl\u00fcgelhaltung hat einen entscheidenden Anteil an unserem Streben nach Selbstversorgung.<\/p>\n<p>Nach ein paar H\u00fchnern zogen schon bald die ersten Wachteln ein. Gerade die Wachtelhaltung bietet mit relativ geringen Platzbedarf bereits die M\u00f6glichkeit der Versorgung mit schmackhaften gesunden kleinen Eiern.<\/p>\n<p>Wachteleier gelten als Delikatesse und wie wir finden, dies nicht ohne Grund. Leider sind gekaufte Wachteleier meist aus sehr schlechter Haltung. Im eigenen Garten wei\u00df man, dass es den Tieren gut geht und sie ein sch\u00f6nes Leben f\u00fchren. Au\u00dferdem bereitet es wirklich viel Freude die kleinsten H\u00fchnerv\u00f6gel bei ihrem Treiben zu beobachten.<\/p>\n<p>Auf den folgenden Seiten informieren wir sie \u00fcber unsere Haltung und Zucht. Gerne stehen wir Ihnen auch zur Beratung rund um die Haltung zur Verf\u00fcgung.<\/p>\n<p>Herzliche Gr\u00fc\u00dfe<\/p>\n<p>Franziska Selders<\/p>\n<p><img decoding=\"async\" title=\"IMAGE_1577998689066_5275683867671553170 (2)\" src=\"https:\/\/wachtelzucht-nrw.de\/wp-content\/uploads\/2021\/04\/IMAGE_1577998689066_5275683867671553170-2.jpg\" alt=\"IMAGE_1577998689066_5275683867671553170 (2)\" \/><\/p>\n","protected":false},"excerpt":{"rendered":"<p>Willkommen bei Wachtelzucht-NRW! Wir f\u00fchren am sch\u00f6nen Niederrhein eine kleine Hobbyzucht der japanischen Legewachteln. Mit dem eigenen Garten entdeckten wir, neben dem [&hellip;]<\/p>\n","protected":false},"author":1,"featured_media":0,"parent":0,"menu_order":0,"comment_status":"closed","ping_status":"closed","template":"","meta":{"footnotes":""},"class_list":["post-73","page","type-page","status-publish","hentry"],"_links":{"self":[{"href":"https:\/\/wachtelzucht-nrw.de\/index.php?rest_route=\/wp\/v2\/pages\/73","targetHints":{"allow":["GET"]}}],"collection":[{"href":"https:\/\/wachtelzucht-nrw.de\/index.php?rest_route=\/wp\/v2\/pages"}],"about":[{"href":"https:\/\/wachtelzucht-nrw.de\/index.php?rest_route=\/wp\/v2\/types\/page"}],"author":[{"embeddable":true,"href":"https:\/\/wachtelzucht-nrw.de\/index.php?rest_route=\/wp\/v2\/users\/1"}],"replies":[{"embeddable":true,"href":"https:\/\/wachtelzucht-nrw.de\/index.php?rest_route=%2Fwp%2Fv2%2Fcomments&post=73"}],"version-history":[{"count":44,"href":"https:\/\/wachtelzucht-nrw.de\/index.php?rest_route=\/wp\/v2\/pages\/73\/revisions"}],"predecessor-version":[{"id":342,"href":"https:\/\/wachtelzucht-nrw.de\/index.php?rest_route=\/wp\/v2\/pages\/73\/revisions\/342"}],"wp:attachment":[{"href":"https:\/\/wachtelzucht-nrw.de\/index.php?rest_route=%2Fwp%2Fv2%2Fmedia&parent=73"}],"curies":[{"name":"wp","href":"https:\/\/api.w.org\/{rel}","templated":true}]}}