{"id":6,"date":"2020-06-20T18:37:20","date_gmt":"2020-06-20T18:37:20","guid":{"rendered":"https:\/\/wachtelzucht-nrw.de\/?page_id=6"},"modified":"2021-04-18T17:31:15","modified_gmt":"2021-04-18T17:31:15","slug":"haltung","status":"publish","type":"page","link":"https:\/\/wachtelzucht-nrw.de\/?page_id=6","title":{"rendered":"Haltung"},"content":{"rendered":"\t\t<div data-elementor-type=\"wp-page\" data-elementor-id=\"6\" class=\"elementor elementor-6\">\n\t\t\t\t\t\t<section class=\"elementor-section elementor-top-section elementor-element elementor-element-5832d17 elementor-section-boxed elementor-section-height-default elementor-section-height-default\" data-id=\"5832d17\" data-element_type=\"section\" data-e-type=\"section\">\n\t\t\t\t\t\t<div class=\"elementor-container elementor-column-gap-default\">\n\t\t\t\t\t<div class=\"elementor-column elementor-col-100 elementor-top-column elementor-element elementor-element-7cfbe5e\" data-id=\"7cfbe5e\" data-element_type=\"column\" data-e-type=\"column\">\n\t\t\t<div class=\"elementor-widget-wrap elementor-element-populated\">\n\t\t\t\t\t\t<div class=\"elementor-element elementor-element-6c4f229 elementor-widget elementor-widget-text-editor\" data-id=\"6c4f229\" data-element_type=\"widget\" data-e-type=\"widget\" data-widget_type=\"text-editor.default\">\n\t\t\t\t<div class=\"elementor-widget-container\">\n\t\t\t\t\t\t\t\t\t<p class=\"MsoNormal\">Unsere Tiere leben das ganze Jahr in gro\u00dfen nat\u00fcrlich gestalteten Au\u00dfenvolieren. Viele Verstecke und R\u00fcckzugsm\u00f6glichkeiten sorgen f\u00fcr ausgeglichene Tiere. Rinde, Steine, \u00c4ste und Pflanzen bieten Besch\u00e4ftigung und einen nat\u00fcrlichen Abrieb der Krallen.\u00a0<\/p>\t\t\t\t\t\t\t\t<\/div>\n\t\t\t\t<\/div>\n\t\t\t\t\t<\/div>\n\t\t<\/div>\n\t\t\t\t\t<\/div>\n\t\t<\/section>\n\t\t\t\t<section class=\"elementor-section elementor-top-section elementor-element elementor-element-b126c94 elementor-section-boxed elementor-section-height-default elementor-section-height-default\" data-id=\"b126c94\" data-element_type=\"section\" data-e-type=\"section\">\n\t\t\t\t\t\t<div class=\"elementor-container elementor-column-gap-default\">\n\t\t\t\t\t<div class=\"elementor-column elementor-col-100 elementor-top-column elementor-element elementor-element-7032998\" data-id=\"7032998\" data-element_type=\"column\" data-e-type=\"column\">\n\t\t\t<div class=\"elementor-widget-wrap elementor-element-populated\">\n\t\t\t\t\t\t<section class=\"elementor-section elementor-inner-section elementor-element elementor-element-22e7dbc elementor-section-boxed elementor-section-height-default elementor-section-height-default\" data-id=\"22e7dbc\" data-element_type=\"section\" data-e-type=\"section\">\n\t\t\t\t\t\t<div class=\"elementor-container elementor-column-gap-default\">\n\t\t\t\t\t<div class=\"elementor-column elementor-col-50 elementor-inner-column elementor-element elementor-element-1e05149\" data-id=\"1e05149\" data-element_type=\"column\" data-e-type=\"column\">\n\t\t\t<div class=\"elementor-widget-wrap elementor-element-populated\">\n\t\t\t\t\t\t<div class=\"elementor-element elementor-element-491f856 elementor-widget elementor-widget-image\" data-id=\"491f856\" data-element_type=\"widget\" data-e-type=\"widget\" data-widget_type=\"image.default\">\n\t\t\t\t<div class=\"elementor-widget-container\">\n\t\t\t\t\t\t\t\t\t\t\t\t\t\t\t<img fetchpriority=\"high\" decoding=\"async\" width=\"1024\" height=\"768\" src=\"https:\/\/wachtelzucht-nrw.de\/wp-content\/uploads\/2021\/03\/IMAG0815-1024x768.jpg\" class=\"attachment-large size-large wp-image-181\" alt=\"\" srcset=\"https:\/\/wachtelzucht-nrw.de\/wp-content\/uploads\/2021\/03\/IMAG0815-1024x768.jpg 1024w, https:\/\/wachtelzucht-nrw.de\/wp-content\/uploads\/2021\/03\/IMAG0815-300x225.jpg 300w, https:\/\/wachtelzucht-nrw.de\/wp-content\/uploads\/2021\/03\/IMAG0815-768x576.jpg 768w, https:\/\/wachtelzucht-nrw.de\/wp-content\/uploads\/2021\/03\/IMAG0815-1536x1152.jpg 1536w, https:\/\/wachtelzucht-nrw.de\/wp-content\/uploads\/2021\/03\/IMAG0815-2048x1536.jpg 2048w, https:\/\/wachtelzucht-nrw.de\/wp-content\/uploads\/2021\/03\/IMAG0815-830x623.jpg 830w, https:\/\/wachtelzucht-nrw.de\/wp-content\/uploads\/2021\/03\/IMAG0815-230x173.jpg 230w, https:\/\/wachtelzucht-nrw.de\/wp-content\/uploads\/2021\/03\/IMAG0815-350x263.jpg 350w, https:\/\/wachtelzucht-nrw.de\/wp-content\/uploads\/2021\/03\/IMAG0815-480x360.jpg 480w\" sizes=\"(max-width: 1024px) 100vw, 1024px\" \/>\t\t\t\t\t\t\t\t\t\t\t\t\t\t\t<\/div>\n\t\t\t\t<\/div>\n\t\t\t\t\t<\/div>\n\t\t<\/div>\n\t\t\t\t<div class=\"elementor-column elementor-col-50 elementor-inner-column elementor-element elementor-element-e35b6db\" data-id=\"e35b6db\" data-element_type=\"column\" data-e-type=\"column\">\n\t\t\t<div class=\"elementor-widget-wrap elementor-element-populated\">\n\t\t\t\t\t\t<div class=\"elementor-element elementor-element-d539caf elementor-widget elementor-widget-image\" data-id=\"d539caf\" data-element_type=\"widget\" data-e-type=\"widget\" data-widget_type=\"image.default\">\n\t\t\t\t<div class=\"elementor-widget-container\">\n\t\t\t\t\t\t\t\t\t\t\t\t\t\t\t<img decoding=\"async\" width=\"1024\" height=\"768\" src=\"https:\/\/wachtelzucht-nrw.de\/wp-content\/uploads\/2021\/03\/IMAG0813-1024x768.jpg\" class=\"attachment-large size-large wp-image-101\" alt=\"\" srcset=\"https:\/\/wachtelzucht-nrw.de\/wp-content\/uploads\/2021\/03\/IMAG0813-1024x768.jpg 1024w, https:\/\/wachtelzucht-nrw.de\/wp-content\/uploads\/2021\/03\/IMAG0813-300x225.jpg 300w, https:\/\/wachtelzucht-nrw.de\/wp-content\/uploads\/2021\/03\/IMAG0813-768x576.jpg 768w, https:\/\/wachtelzucht-nrw.de\/wp-content\/uploads\/2021\/03\/IMAG0813-1536x1152.jpg 1536w, https:\/\/wachtelzucht-nrw.de\/wp-content\/uploads\/2021\/03\/IMAG0813-2048x1536.jpg 2048w, https:\/\/wachtelzucht-nrw.de\/wp-content\/uploads\/2021\/03\/IMAG0813-830x623.jpg 830w, https:\/\/wachtelzucht-nrw.de\/wp-content\/uploads\/2021\/03\/IMAG0813-230x173.jpg 230w, https:\/\/wachtelzucht-nrw.de\/wp-content\/uploads\/2021\/03\/IMAG0813-350x263.jpg 350w, https:\/\/wachtelzucht-nrw.de\/wp-content\/uploads\/2021\/03\/IMAG0813-480x360.jpg 480w\" sizes=\"(max-width: 1024px) 100vw, 1024px\" \/>\t\t\t\t\t\t\t\t\t\t\t\t\t\t\t<\/div>\n\t\t\t\t<\/div>\n\t\t\t\t\t<\/div>\n\t\t<\/div>\n\t\t\t\t\t<\/div>\n\t\t<\/section>\n\t\t\t\t\t<\/div>\n\t\t<\/div>\n\t\t\t\t\t<\/div>\n\t\t<\/section>\n\t\t\t\t<section class=\"elementor-section elementor-top-section elementor-element elementor-element-833fd71 elementor-section-boxed elementor-section-height-default elementor-section-height-default\" data-id=\"833fd71\" data-element_type=\"section\" data-e-type=\"section\">\n\t\t\t\t\t\t<div class=\"elementor-container elementor-column-gap-default\">\n\t\t\t\t\t\t<\/div>\n\t\t<\/section>\n\t\t\t\t<section class=\"elementor-section elementor-top-section elementor-element elementor-element-9024a47 elementor-section-boxed elementor-section-height-default elementor-section-height-default\" data-id=\"9024a47\" data-element_type=\"section\" data-e-type=\"section\">\n\t\t\t\t\t\t<div class=\"elementor-container elementor-column-gap-default\">\n\t\t\t\t\t<div class=\"elementor-column elementor-col-100 elementor-top-column elementor-element elementor-element-97ce70e\" data-id=\"97ce70e\" data-element_type=\"column\" data-e-type=\"column\">\n\t\t\t<div class=\"elementor-widget-wrap elementor-element-populated\">\n\t\t\t\t\t\t<div class=\"elementor-element elementor-element-3b30f47 elementor-widget elementor-widget-text-editor\" data-id=\"3b30f47\" data-element_type=\"widget\" data-e-type=\"widget\" data-widget_type=\"text-editor.default\">\n\t\t\t\t<div class=\"elementor-widget-container\">\n\t\t\t\t\t\t\t\t\t<p>Das Einstreu ist nat\u00fcrlicher Erdboden, welcher durch mehrmals w\u00f6chentliches Haken immer sauber und locker bleibt. Damit werden Probleme wie Kotballen oder Ballengeschw\u00fcre komplett vermieden.<\/p><p>Die erwachsenen Tiere erhalten sehr hochwertiges Bio Futter\u00a0und immer Zugang zu Mineralien und Steinchen. Dies sorgt f\u00fcr eine optimale<br \/>N\u00e4hrstoffversorgung und eine gute Verdauung. Besonders lieben sie die\u00a0Gr\u00fcnf\u00fctterung mit allen m\u00f6glichen Beikr\u00e4utern und Gem\u00fcsebl\u00e4ttern aus dem\u00a0Gem\u00fcsegarten.<\/p><p>Als Dank versorgen uns die Hennen von M\u00e4rz bis Oktober mit k\u00f6stlichen Eiern. Im Winter d\u00fcrfen Sie sich erholen und eine nat\u00fcrliche Pause vom Eier legen machen.<\/p><p>Unsere Tipps und Erfahrungen finden Sie hier als PDF zum Download: <a href=\"https:\/\/wachtelzucht-nrw.de\/wp-content\/uploads\/2021\/04\/Persoenliche-Empfehlungen-zur-Wachtelhaltung.pdf\">Pers\u00f6nliche Empfehlungen zur Wachtelha<span style=\"background-color: #ffffff;\">ltung<\/span><\/a><\/p>\t\t\t\t\t\t\t\t<\/div>\n\t\t\t\t<\/div>\n\t\t\t\t\t<\/div>\n\t\t<\/div>\n\t\t\t\t\t<\/div>\n\t\t<\/section>\n\t\t\t\t<\/div>\n\t\t","protected":false},"excerpt":{"rendered":"<p>Unsere Tiere leben das ganze Jahr in gro\u00dfen nat\u00fcrlich gestalteten Au\u00dfenvolieren. Viele Verstecke und R\u00fcckzugsm\u00f6glichkeiten sorgen f\u00fcr ausgeglichene Tiere. Rinde, Steine, \u00c4ste [&hellip;]<\/p>\n","protected":false},"author":1,"featured_media":0,"parent":0,"menu_order":0,"comment_status":"closed","ping_status":"closed","template":"","meta":{"footnotes":""},"class_list":["post-6","page","type-page","status-publish","hentry"],"_links":{"self":[{"href":"https:\/\/wachtelzucht-nrw.de\/index.php?rest_route=\/wp\/v2\/pages\/6","targetHints":{"allow":["GET"]}}],"collection":[{"href":"https:\/\/wachtelzucht-nrw.de\/index.php?rest_route=\/wp\/v2\/pages"}],"about":[{"href":"https:\/\/wachtelzucht-nrw.de\/index.php?rest_route=\/wp\/v2\/types\/page"}],"author":[{"embeddable":true,"href":"https:\/\/wachtelzucht-nrw.de\/index.php?rest_route=\/wp\/v2\/users\/1"}],"replies":[{"embeddable":true,"href":"https:\/\/wachtelzucht-nrw.de\/index.php?rest_route=%2Fwp%2Fv2%2Fcomments&post=6"}],"version-history":[{"count":22,"href":"https:\/\/wachtelzucht-nrw.de\/index.php?rest_route=\/wp\/v2\/pages\/6\/revisions"}],"predecessor-version":[{"id":288,"href":"https:\/\/wachtelzucht-nrw.de\/index.php?rest_route=\/wp\/v2\/pages\/6\/revisions\/288"}],"wp:attachment":[{"href":"https:\/\/wachtelzucht-nrw.de\/index.php?rest_route=%2Fwp%2Fv2%2Fmedia&parent=6"}],"curies":[{"name":"wp","href":"https:\/\/api.w.org\/{rel}","templated":true}]}}